{"id":93,"date":"2021-01-04T12:35:27","date_gmt":"2021-01-04T12:35:27","guid":{"rendered":"https:\/\/trenico.hu\/?page_id=93"},"modified":"2021-01-25T09:03:08","modified_gmt":"2021-01-25T08:03:08","slug":"cegatvilagitas","status":"publish","type":"page","link":"https:\/\/trenico.hu\/en\/cegatvilagitas\/","title":{"rendered":"C\u00e9g\u00e1tvil\u00e1g\u00edt\u00e1s"},"content":{"rendered":"<div data-elementor-type=\"wp-page\" data-elementor-id=\"93\" class=\"elementor elementor-93\" data-elementor-settings=\"[]\">\n\t\t\t\t\t\t<div class=\"elementor-inner\">\n\t\t\t\t\t\t\t<div class=\"elementor-section-wrap\">\n\t\t\t\t\t\t\t<section class=\"elementor-section elementor-top-section elementor-element elementor-element-5f3ba494 elementor-section-boxed elementor-section-height-default elementor-section-height-default\" data-id=\"5f3ba494\" data-element_type=\"section\" data-settings=\"{&quot;background_background&quot;:&quot;classic&quot;}\">\n\t\t\t\t\t\t<div class=\"elementor-container elementor-column-gap-default\">\n\t\t\t\t\t\t\t<div class=\"elementor-row\">\n\t\t\t\t\t<div class=\"elementor-column elementor-col-100 elementor-top-column elementor-element elementor-element-1549d851\" data-id=\"1549d851\" data-element_type=\"column\">\n\t\t\t<div class=\"elementor-column-wrap\">\n\t\t\t\t\t\t\t<div class=\"elementor-widget-wrap\">\n\t\t\t\t\t\t\t\t<\/div>\n\t\t\t\t\t<\/div>\n\t\t<\/div>\n\t\t\t\t\t\t\t\t<\/div>\n\t\t\t\t\t<\/div>\n\t\t<\/section>\n\t\t\t\t<section class=\"elementor-section elementor-top-section elementor-element elementor-element-5d6eed6e elementor-section-boxed elementor-section-height-default elementor-section-height-default\" data-id=\"5d6eed6e\" data-element_type=\"section\" data-settings=\"{&quot;background_background&quot;:&quot;classic&quot;}\">\n\t\t\t\t\t\t<div class=\"elementor-container elementor-column-gap-default\">\n\t\t\t\t\t\t\t<div class=\"elementor-row\">\n\t\t\t\t\t<div class=\"elementor-column elementor-col-100 elementor-top-column elementor-element elementor-element-3f4075db\" data-id=\"3f4075db\" data-element_type=\"column\">\n\t\t\t<div class=\"elementor-column-wrap elementor-element-populated\">\n\t\t\t\t\t\t\t<div class=\"elementor-widget-wrap\">\n\t\t\t\t\t\t<div class=\"elementor-element elementor-element-474d2509 elementor-widget elementor-widget-heading\" data-id=\"474d2509\" data-element_type=\"widget\" data-widget_type=\"heading.default\">\n\t\t\t\t<div class=\"elementor-widget-container\">\n\t\t\t<h2 class=\"elementor-heading-title elementor-size-default\">Due diligence of corporate, private banking and financial portfolios<\/h2>\t\t<\/div>\n\t\t\t\t<\/div>\n\t\t\t\t<div class=\"elementor-element elementor-element-386bef67 elementor-widget elementor-widget-heading\" data-id=\"386bef67\" data-element_type=\"widget\" data-widget_type=\"heading.default\">\n\t\t\t\t<div class=\"elementor-widget-container\">\n\t\t\t<h2 class=\"elementor-heading-title elementor-size-default\">Our objective is to explore opportunities for cutting costs and maximizing profit.<\/h2>\t\t<\/div>\n\t\t\t\t<\/div>\n\t\t\t\t<div class=\"elementor-element elementor-element-28d38d92 h2szin elementor-widget elementor-widget-text-editor\" data-id=\"28d38d92\" data-element_type=\"widget\" data-widget_type=\"text-editor.default\">\n\t\t\t\t<div class=\"elementor-widget-container\">\n\t\t\t\t\t<div class=\"elementor-text-editor elementor-clearfix\"><h2>Types of due diligence<\/h2>\n<p>We perform due diligence of private assets, corporate banking financials and services purchased, with special regard to the examination of investment, short and long term financing structures, as well as costs and return on account management, treasury hedge and options.<\/p>\n<p>We examine the forms from the aspect of cost-benefit ratio of banking services, cash-flow and risks. In the market competition of today, banks do everything to keep their clients; still, the costs have drastically increased in the past 10 years. Leveraging on our professional experiences and social capital, we have an overview about hidden costs and the cost matrix of banks so we can better explore opportunities for cost reduction.<\/p>\n<h2><br><\/h2><h2>Due diligence of procurement transactions<\/h2>\n<ul>\n<li>Screening of cost structure<\/li>\n<li>Detailed analysis based on invoices<\/li>\n<li>Summary report and proposals<\/li>\n<li>Preparation of action plan based on approved proposals<\/li>\n<li>Implementation of tasks according to the action plan (e.g. managing tender procedures, replacement or commissioning of technical equipment)<\/li>\n<li>Measuring results<\/li>\n<li>Invoicing savings share<\/li>\n<\/ul>\n<h2><br><\/h2><h2>Our major successes<\/h2>\n<ul>\n<li>On average, we could save 20% on treasury transactions of a company dealing with export and import.<\/li>\n<li>Another success story is the refinancing of a long term investment loan with the full reorganisation of the investor structure, thereby saving a company on the verge of liquidation, active in the field of hotel industry.<\/li>\n<li>We could decrease procurement costs by 10-15% on average by the optimisation of the procurement process.<\/li>\n<\/ul><\/div>\n\t\t\t\t<\/div>\n\t\t\t\t<\/div>\n\t\t\t\t\t\t<\/div>\n\t\t\t\t\t<\/div>\n\t\t<\/div>\n\t\t\t\t\t\t\t\t<\/div>\n\t\t\t\t\t<\/div>\n\t\t<\/section>\n\t\t\t\t<section class=\"elementor-section elementor-top-section elementor-element elementor-element-105bb8de elementor-section-boxed elementor-section-height-default elementor-section-height-default\" data-id=\"105bb8de\" data-element_type=\"section\" data-settings=\"{&quot;background_background&quot;:&quot;classic&quot;}\">\n\t\t\t\t\t\t<div class=\"elementor-container elementor-column-gap-default\">\n\t\t\t\t\t\t\t<div class=\"elementor-row\">\n\t\t\t\t\t<div class=\"elementor-column elementor-col-100 elementor-top-column elementor-element elementor-element-1bd8ee78\" data-id=\"1bd8ee78\" data-element_type=\"column\">\n\t\t\t<div class=\"elementor-column-wrap elementor-element-populated\">\n\t\t\t\t\t\t\t<div class=\"elementor-widget-wrap\">\n\t\t\t\t\t\t<div class=\"elementor-element elementor-element-3c2c3a5f elementor-widget elementor-widget-heading\" data-id=\"3c2c3a5f\" data-element_type=\"widget\" data-widget_type=\"heading.default\">\n\t\t\t\t<div class=\"elementor-widget-container\">\n\t\t\t<h2 class=\"elementor-heading-title elementor-size-default\">Trenico Consulting Zrt.<\/h2>\t\t<\/div>\n\t\t\t\t<\/div>\n\t\t\t\t<div class=\"elementor-element elementor-element-2ca1e560 link elementor-hidden-phone elementor-widget elementor-widget-text-editor\" data-id=\"2ca1e560\" data-element_type=\"widget\" data-widget_type=\"text-editor.default\">\n\t\t\t\t<div class=\"elementor-widget-container\">\n\t\t\t\t\t<div class=\"elementor-text-editor elementor-clearfix\"><p>\u00a0\u2022 Phone: <a href=\"tel:+36 1 787-4120\">+36 1 787-4120<\/a> \u00a0\u2022 Mobile:\u00a0<a href=\"tel:36309358530\">+36 30 935-8530<\/a>\u00a0\u00a0 \u2022 \u00a0 E-mail:\u00a0<a href=\"mailto:info@trenico.hu\">info@trenico.hu<\/a> \u2022<\/p><\/div>\n\t\t\t\t<\/div>\n\t\t\t\t<\/div>\n\t\t\t\t<div class=\"elementor-element elementor-element-340408e2 link elementor-hidden-desktop elementor-hidden-tablet elementor-widget elementor-widget-text-editor\" data-id=\"340408e2\" data-element_type=\"widget\" data-widget_type=\"text-editor.default\">\n\t\t\t\t<div class=\"elementor-widget-container\">\n\t\t\t\t\t<div class=\"elementor-text-editor elementor-clearfix\"><p>Telefon: <a href=\"tel:+36 1 787-4120\">+36 1 787-4120<\/a><\/p><p>Mobil: <a href=\"tel:36309358530\">+36 30 935-8530<\/a>\u00a0\u00a0<\/p><p>E-mail: <a href=\"mailto:info@trenico.hu\">info@trenico.hu<\/a><\/p><\/div>\n\t\t\t\t<\/div>\n\t\t\t\t<\/div>\n\t\t\t\t\t\t<\/div>\n\t\t\t\t\t<\/div>\n\t\t<\/div>\n\t\t\t\t\t\t\t\t<\/div>\n\t\t\t\t\t<\/div>\n\t\t<\/section>\n\t\t\t\t\t\t<\/div>\n\t\t\t\t\t\t<\/div>\n\t\t\t\t\t<\/div>","protected":false},"excerpt":{"rendered":"<p>V\u00e1llalati \u00e9s mag\u00e1n banki, p\u00e9nz\u00fcgyi portf\u00f3li\u00f3k \u00e1tvil\u00e1g\u00edt\u00e1sa \u00c1tvil\u00e1g\u00edt\u00e1si szolg\u00e1ltat\u00e1sunk c\u00e9lja a k\u00f6lts\u00e9gcs\u00f6kkent\u00e9si &#8211; profit maximaliz\u00e1l\u00e1si lehet\u0151s\u00e9gek felt\u00e1r\u00e1sa. Milyen \u00e1tvil\u00e1g\u00edt\u00e1ssal foglalkozunk? Egyar\u00e1nt foglalkozunk mag\u00e1nvagyonok \u00e9s v\u00e1llalati banki p\u00e9nz\u00fcgyek, ig\u00e9nybe vett szolg\u00e1ltat\u00e1sok \u00e1tvil\u00e1g\u00edt\u00e1s\u00e1val. Ide tartoznak a befektet\u00e9sek, a r\u00f6vid \u00e9s a hossz\u00fa t\u00e1v\u00fa finansz\u00edroz\u00e1si strukt\u00far\u00e1k, r\u00e9szletekbe men\u0151en a sz\u00e1mlavezet\u00e9s, a treasury fedezeti \u00fcgyletek, valamint opci\u00f3k k\u00f6lts\u00e9geinek \u00e9s [&hellip;]<\/p>","protected":false},"author":1,"featured_media":0,"parent":0,"menu_order":0,"comment_status":"closed","ping_status":"closed","template":"elementor_header_footer","meta":{"footnotes":""},"class_list":["post-93","page","type-page","status-publish","hentry"],"_links":{"self":[{"href":"https:\/\/trenico.hu\/en\/wp-json\/wp\/v2\/pages\/93","targetHints":{"allow":["GET"]}}],"collection":[{"href":"https:\/\/trenico.hu\/en\/wp-json\/wp\/v2\/pages"}],"about":[{"href":"https:\/\/trenico.hu\/en\/wp-json\/wp\/v2\/types\/page"}],"author":[{"embeddable":true,"href":"https:\/\/trenico.hu\/en\/wp-json\/wp\/v2\/users\/1"}],"replies":[{"embeddable":true,"href":"https:\/\/trenico.hu\/en\/wp-json\/wp\/v2\/comments?post=93"}],"version-history":[{"count":6,"href":"https:\/\/trenico.hu\/en\/wp-json\/wp\/v2\/pages\/93\/revisions"}],"predecessor-version":[{"id":213,"href":"https:\/\/trenico.hu\/en\/wp-json\/wp\/v2\/pages\/93\/revisions\/213"}],"wp:attachment":[{"href":"https:\/\/trenico.hu\/en\/wp-json\/wp\/v2\/media?parent=93"}],"curies":[{"name":"wp","href":"https:\/\/api.w.org\/{rel}","templated":true}]}}