{"id":83,"date":"2021-01-04T12:27:03","date_gmt":"2021-01-04T12:27:03","guid":{"rendered":"https:\/\/trenico.hu\/?page_id=83"},"modified":"2021-01-11T13:09:16","modified_gmt":"2021-01-11T12:09:16","slug":"cegismerteto","status":"publish","type":"page","link":"https:\/\/trenico.hu\/en\/cegismerteto\/","title":{"rendered":"About us"},"content":{"rendered":"<div data-elementor-type=\"wp-page\" data-elementor-id=\"83\" class=\"elementor elementor-83\" data-elementor-settings=\"[]\">\n\t\t\t\t\t\t<div class=\"elementor-inner\">\n\t\t\t\t\t\t\t<div class=\"elementor-section-wrap\">\n\t\t\t\t\t\t\t<section class=\"elementor-section elementor-top-section elementor-element elementor-element-8574026 elementor-section-boxed elementor-section-height-default elementor-section-height-default\" data-id=\"8574026\" data-element_type=\"section\" data-settings=\"{&quot;background_background&quot;:&quot;classic&quot;}\">\n\t\t\t\t\t\t<div class=\"elementor-container elementor-column-gap-default\">\n\t\t\t\t\t\t\t<div class=\"elementor-row\">\n\t\t\t\t\t<div class=\"elementor-column elementor-col-100 elementor-top-column elementor-element elementor-element-c57ee5b\" data-id=\"c57ee5b\" data-element_type=\"column\">\n\t\t\t<div class=\"elementor-column-wrap\">\n\t\t\t\t\t\t\t<div class=\"elementor-widget-wrap\">\n\t\t\t\t\t\t\t\t<\/div>\n\t\t\t\t\t<\/div>\n\t\t<\/div>\n\t\t\t\t\t\t\t\t<\/div>\n\t\t\t\t\t<\/div>\n\t\t<\/section>\n\t\t\t\t<section class=\"elementor-section elementor-top-section elementor-element elementor-element-18f2e5c4 elementor-section-boxed elementor-section-height-default elementor-section-height-default\" data-id=\"18f2e5c4\" data-element_type=\"section\" data-settings=\"{&quot;background_background&quot;:&quot;classic&quot;}\">\n\t\t\t\t\t\t<div class=\"elementor-container elementor-column-gap-default\">\n\t\t\t\t\t\t\t<div class=\"elementor-row\">\n\t\t\t\t\t<div class=\"elementor-column elementor-col-100 elementor-top-column elementor-element elementor-element-46f0b20d\" data-id=\"46f0b20d\" data-element_type=\"column\">\n\t\t\t<div class=\"elementor-column-wrap elementor-element-populated\">\n\t\t\t\t\t\t\t<div class=\"elementor-widget-wrap\">\n\t\t\t\t\t\t<div class=\"elementor-element elementor-element-18ea305f elementor-widget elementor-widget-heading\" data-id=\"18ea305f\" data-element_type=\"widget\" data-widget_type=\"heading.default\">\n\t\t\t\t<div class=\"elementor-widget-container\">\n\t\t\t<h2 class=\"elementor-heading-title elementor-size-default\">About us<\/h2>\t\t<\/div>\n\t\t\t\t<\/div>\n\t\t\t\t<div class=\"elementor-element elementor-element-1d26a85d h2szin elementor-widget elementor-widget-text-editor\" data-id=\"1d26a85d\" data-element_type=\"widget\" data-widget_type=\"text-editor.default\">\n\t\t\t\t<div class=\"elementor-widget-container\">\n\t\t\t\t\t<div class=\"elementor-text-editor elementor-clearfix\"><p>We examine the firms and assets of our partners with true ownership. Our value can be best measured by the success of our development, investment and acquisition projects. Our objective is to best utilise opportunities at reasonable risk levels. We are interested in optimisation of your bank portfolio and the efficiency of your projects.<\/p>\n<p>The efficiency of our work is confirmed by the highest satisfaction of our clients, the continuous expansion of our clientele, the steady growth of the wealth entrusted to our consultation activity as well as the amount of money saved by optimising procurement procedures.<\/p>\n<h2><br><\/h2><h2>What advantages do we provide?<\/h2>\n<ul>\n<li>We understand and speak the language of bankers. We know the full service portfolio of the banking system and the opportunities for cutting transaction costs and creating powerful portfolios. We have up-to-date information about the investment and banking sector.<\/li>\n<li>As external consultants, we can efficiently support the decisions of our partners with regard to investment, borrowing or the use of other banking services by recommending the best bank actor \u2013 independently of the interests of the bank.<\/li>\n<li>Within the frames of consultation, we analyze the total banking, deposit and investment portfolio of our client, then we point out risk factors and make proposal to minimize them while maximizing return.<\/li>\n<li>Through our due diligence services, clients can keep risks of their banking services to the very minimum. Risks to business activities of the company can be reduced by carefully examining loans, harmonising maturities and activities as well as amending loan agreements based on expected interest rates.<\/li>\n<li>We provide full range of solutions for the implementation of real estate development projects from finding the most suitable project to sales management.<\/li>\n<li>We also explore saving potentials in procurement according to the given sector.<\/li>\n<li>We cut costs in case of telecommunications and car fleet services.<\/li>\n<li>We optimise hardware and software purchases of clients.<\/li>\n<\/ul>\n<h2><br><\/h2><h2>What services do we provide?<\/h2>\n<ul>\n<li>Due diligence of corporate, private banking and financial portfolios in terms of risk tolerance<\/li>\n<li>Consultation on portfolio establishment, day-to-day management and monitoring of portfolios<\/li>\n<li>Cash Flow management<\/li>\n<li>Management consultancy<\/li>\n<li>Preparation of investment decisions<\/li>\n<li>Full management of real estate development projects<\/li>\n<li>Due diligence and optimisation of procurement<\/li>\n<\/ul>\n<h2><br><\/h2><h2>Whom do we serve?<\/h2>\n<p>We offer our services to those intending to deal with the financial management of their assets and firms because they believe that the profit depends not only on return on investment but also on decreasing costs and finding the best schemes.<\/p>\n<h2><br><\/h2><h2>International contacts<\/h2>\n<p>We offer our Serbian connections to companies intending to enter the building sector, infrastructure development, green energy or privatisation. As is known, Serbia wants to access the EU and it offers a particularly wide spectrum of investment opportunities. Through our Russian partners, we help our clients to leverage on the potentials in the Russian market. We offer mediation, business and financial services as well as governmental contacts for that.<\/p><\/div>\n\t\t\t\t<\/div>\n\t\t\t\t<\/div>\n\t\t\t\t\t\t<\/div>\n\t\t\t\t\t<\/div>\n\t\t<\/div>\n\t\t\t\t\t\t\t\t<\/div>\n\t\t\t\t\t<\/div>\n\t\t<\/section>\n\t\t\t\t<section class=\"elementor-section elementor-top-section elementor-element elementor-element-13d25d0d elementor-section-boxed elementor-section-height-default elementor-section-height-default\" data-id=\"13d25d0d\" data-element_type=\"section\" id=\"kapcsolat\" data-settings=\"{&quot;background_background&quot;:&quot;classic&quot;}\">\n\t\t\t\t\t\t<div class=\"elementor-container elementor-column-gap-default\">\n\t\t\t\t\t\t\t<div class=\"elementor-row\">\n\t\t\t\t\t<div class=\"elementor-column elementor-col-100 elementor-top-column elementor-element elementor-element-624b66b4\" data-id=\"624b66b4\" data-element_type=\"column\">\n\t\t\t<div class=\"elementor-column-wrap elementor-element-populated\">\n\t\t\t\t\t\t\t<div class=\"elementor-widget-wrap\">\n\t\t\t\t\t\t<div class=\"elementor-element elementor-element-3b227f8c elementor-widget elementor-widget-heading\" data-id=\"3b227f8c\" data-element_type=\"widget\" data-widget_type=\"heading.default\">\n\t\t\t\t<div class=\"elementor-widget-container\">\n\t\t\t<h2 class=\"elementor-heading-title elementor-size-default\">Trenico Consulting Zrt.<\/h2>\t\t<\/div>\n\t\t\t\t<\/div>\n\t\t\t\t<div class=\"elementor-element elementor-element-29634b8d link elementor-hidden-tablet elementor-hidden-phone elementor-widget elementor-widget-text-editor\" data-id=\"29634b8d\" data-element_type=\"widget\" data-widget_type=\"text-editor.default\">\n\t\t\t\t<div class=\"elementor-widget-container\">\n\t\t\t\t\t<div class=\"elementor-text-editor elementor-clearfix\"><p>\u00a0\u00a0\u2022 Mobile:\u00a0<a href=\"tel:+36 20 537-0813\">+36 20 537 0813<\/a>\u00a0\u00a0 \u2022 \u00a0 E-mail:\u00a0<a href=\"mailto:info@trenico.hu\">info@trenico.hu<\/a> \u2022<\/p><\/div>\n\t\t\t\t<\/div>\n\t\t\t\t<\/div>\n\t\t\t\t<div class=\"elementor-element elementor-element-40467683 link elementor-hidden-desktop elementor-hidden-tablet elementor-widget elementor-widget-text-editor\" data-id=\"40467683\" data-element_type=\"widget\" data-widget_type=\"text-editor.default\">\n\t\t\t\t<div class=\"elementor-widget-container\">\n\t\t\t\t\t<div class=\"elementor-text-editor elementor-clearfix\"><p>Mobil: <a href=\"tel:+36 20 537-0813\">+36 20 537 0813<\/a>\u00a0\u00a0<\/p><p>E-mail: <a href=\"mailto:info@trenico.hu\">info@trenico.hu<\/a><\/p><\/div>\n\t\t\t\t<\/div>\n\t\t\t\t<\/div>\n\t\t\t\t\t\t<\/div>\n\t\t\t\t\t<\/div>\n\t\t<\/div>\n\t\t\t\t\t\t\t\t<\/div>\n\t\t\t\t\t<\/div>\n\t\t<\/section>\n\t\t\t\t\t\t<\/div>\n\t\t\t\t\t\t<\/div>\n\t\t\t\t\t<\/div>","protected":false},"excerpt":{"rendered":"<p>C\u00e9gismertet\u0151 Partnereink c\u00e9g\u00e9t, mag\u00e1nvagyon\u00e1t tulajdonosi szeml\u00e9lettel vizsg\u00e1ljuk. A fejleszt\u00e9sek, beruh\u00e1z\u00e1si \u00e9s beszerz\u00e9si projektjeink eredm\u00e9nyess\u00e9ge a legjobb \u00e9rt\u00e9km\u00e9r\u0151nk. C\u00e9lunk a re\u00e1lisan felv\u00e1llalhat\u00f3 kock\u00e1zat mellett a lehet\u0151s\u00e9gek maxim\u00e1lis kihaszn\u00e1l\u00e1sa. \u00c9rdekeltek vagyunk banki portf\u00f3li\u00f3ja optimaliz\u00e1l\u00e1s\u00e1ban, projektjeinek eredm\u00e9nyess\u00e9g\u00e9ben. Munk\u00e1nk eredm\u00e9nyess\u00e9g\u00e9t igazolja \u00fcgyfeleink el\u00e9gedetts\u00e9ge, \u00fcgyf\u00e9lk\u00f6r\u00fcnk folyamatosan b\u0151v\u00fcl\u00e9se \u00e9s tan\u00e1csad\u00e1sunkra b\u00edzott vagyoni \u00e9rt\u00e9k folyamatos n\u00f6veked\u00e9se, valamint a beszerz\u00e9si folyamatok optimaliz\u00e1l\u00e1s\u00e1val megtakar\u00edtott [&hellip;]<\/p>","protected":false},"author":1,"featured_media":0,"parent":0,"menu_order":0,"comment_status":"closed","ping_status":"closed","template":"elementor_header_footer","meta":{"footnotes":""},"class_list":["post-83","page","type-page","status-publish","hentry"],"_links":{"self":[{"href":"https:\/\/trenico.hu\/en\/wp-json\/wp\/v2\/pages\/83","targetHints":{"allow":["GET"]}}],"collection":[{"href":"https:\/\/trenico.hu\/en\/wp-json\/wp\/v2\/pages"}],"about":[{"href":"https:\/\/trenico.hu\/en\/wp-json\/wp\/v2\/types\/page"}],"author":[{"embeddable":true,"href":"https:\/\/trenico.hu\/en\/wp-json\/wp\/v2\/users\/1"}],"replies":[{"embeddable":true,"href":"https:\/\/trenico.hu\/en\/wp-json\/wp\/v2\/comments?post=83"}],"version-history":[{"count":6,"href":"https:\/\/trenico.hu\/en\/wp-json\/wp\/v2\/pages\/83\/revisions"}],"predecessor-version":[{"id":203,"href":"https:\/\/trenico.hu\/en\/wp-json\/wp\/v2\/pages\/83\/revisions\/203"}],"wp:attachment":[{"href":"https:\/\/trenico.hu\/en\/wp-json\/wp\/v2\/media?parent=83"}],"curies":[{"name":"wp","href":"https:\/\/api.w.org\/{rel}","templated":true}]}}