{"id":8,"date":"2021-01-04T11:51:40","date_gmt":"2021-01-04T11:51:40","guid":{"rendered":"https:\/\/trenico.hu\/?page_id=8"},"modified":"2024-01-26T11:15:35","modified_gmt":"2024-01-26T10:15:35","slug":"bemutatkozas","status":"publish","type":"page","link":"https:\/\/trenico.hu\/en\/","title":{"rendered":"Introduction"},"content":{"rendered":"<div data-elementor-type=\"wp-page\" data-elementor-id=\"8\" class=\"elementor elementor-8\" data-elementor-settings=\"[]\">\n\t\t\t\t\t\t<div class=\"elementor-inner\">\n\t\t\t\t\t\t\t<div class=\"elementor-section-wrap\">\n\t\t\t\t\t\t\t<section class=\"elementor-section elementor-top-section elementor-element elementor-element-c743e61 elementor-section-full_width elementor-section-height-default elementor-section-height-default\" data-id=\"c743e61\" data-element_type=\"section\">\n\t\t\t\t\t\t<div class=\"elementor-container elementor-column-gap-no\">\n\t\t\t\t\t\t\t<div class=\"elementor-row\">\n\t\t\t\t\t<div class=\"elementor-column elementor-col-100 elementor-top-column elementor-element elementor-element-bf92736\" data-id=\"bf92736\" data-element_type=\"column\">\n\t\t\t<div class=\"elementor-column-wrap elementor-element-populated\">\n\t\t\t\t\t\t\t<div class=\"elementor-widget-wrap\">\n\t\t\t\t\t\t<div class=\"elementor-element elementor-element-0ffb1ce elementor--h-position-center elementor--v-position-middle elementor-arrows-position-inside elementor-widget elementor-widget-slides\" data-id=\"0ffb1ce\" data-element_type=\"widget\" data-settings=\"{&quot;navigation&quot;:&quot;arrows&quot;,&quot;autoplay&quot;:&quot;yes&quot;,&quot;pause_on_hover&quot;:&quot;yes&quot;,&quot;pause_on_interaction&quot;:&quot;yes&quot;,&quot;autoplay_speed&quot;:5000,&quot;infinite&quot;:&quot;yes&quot;,&quot;transition&quot;:&quot;slide&quot;,&quot;transition_speed&quot;:500}\" data-widget_type=\"slides.default\">\n\t\t\t\t<div class=\"elementor-widget-container\">\n\t\t\t\t\t<div class=\"elementor-swiper\">\n\t\t\t<div class=\"elementor-slides-wrapper elementor-main-swiper swiper-container\" dir=\"ltr\" data-animation=\"fadeInUp\">\n\t\t\t\t<div class=\"swiper-wrapper elementor-slides\">\n\t\t\t\t\t<div class=\"elementor-repeater-item-e16dcea swiper-slide\"><div class=\"swiper-slide-bg\"><\/div><div class=\"elementor-background-overlay\"><\/div><a class=\"swiper-slide-inner\" href=\"https:\/\/trenico.hu\/en\/uzletviteli-tanacsadas\/\"><div class=\"swiper-slide-contents\"><div class=\"elementor-slide-heading\">We examine your financial decisions from another aspect as well<\/div><div  class=\"elementor-button elementor-slide-button elementor-size-sm\">More<\/div><\/div><\/a><\/div><div class=\"elementor-repeater-item-f277c40 swiper-slide\"><div class=\"swiper-slide-bg\"><\/div><div class=\"elementor-background-overlay\"><\/div><a class=\"swiper-slide-inner\" href=\"https:\/\/trenico.hu\/en\/befektetesi-dontes-elokeszites\/\"><div class=\"swiper-slide-contents\"><div class=\"elementor-slide-heading\">Prior to your investment decisions,<br> we help you to estimate expected business risks<\/div><div  class=\"elementor-button elementor-slide-button elementor-size-sm\">More<\/div><\/div><\/a><\/div><div class=\"elementor-repeater-item-a82ad45 swiper-slide\"><div class=\"swiper-slide-bg\"><\/div><div class=\"elementor-background-overlay\"><\/div><a class=\"swiper-slide-inner\" href=\"\/en\/ceg-atvilagitas\/\"><div class=\"swiper-slide-contents\"><div class=\"elementor-slide-heading\">We pay attention even to the smallest details<\/div><div  class=\"elementor-button elementor-slide-button elementor-size-sm\">More<\/div><\/div><\/a><\/div>\t\t\t\t<\/div>\n\t\t\t\t\t\t\t\t\t\t\t\t\t\t\t\t\t\t\t\t<div class=\"elementor-swiper-button elementor-swiper-button-prev\">\n\t\t\t\t\t\t\t<i class=\"eicon-chevron-left\" aria-hidden=\"true\"><\/i>\n\t\t\t\t\t\t\t<span class=\"elementor-screen-only\">Previous<\/span>\n\t\t\t\t\t\t<\/div>\n\t\t\t\t\t\t<div class=\"elementor-swiper-button elementor-swiper-button-next\">\n\t\t\t\t\t\t\t<i class=\"eicon-chevron-right\" aria-hidden=\"true\"><\/i>\n\t\t\t\t\t\t\t<span class=\"elementor-screen-only\">Next<\/span>\n\t\t\t\t\t\t<\/div>\n\t\t\t\t\t\t\t\t\t\t\t\t<\/div>\n\t\t<\/div>\n\t\t\t\t<\/div>\n\t\t\t\t<\/div>\n\t\t\t\t\t\t<\/div>\n\t\t\t\t\t<\/div>\n\t\t<\/div>\n\t\t\t\t\t\t\t\t<\/div>\n\t\t\t\t\t<\/div>\n\t\t<\/section>\n\t\t\t\t<section class=\"elementor-section elementor-top-section elementor-element elementor-element-2b7f1e9 elementor-section-boxed elementor-section-height-default elementor-section-height-default\" data-id=\"2b7f1e9\" data-element_type=\"section\">\n\t\t\t\t\t\t<div class=\"elementor-container elementor-column-gap-default\">\n\t\t\t\t\t\t\t<div class=\"elementor-row\">\n\t\t\t\t\t<div class=\"elementor-column elementor-col-25 elementor-top-column elementor-element elementor-element-ba52650\" data-id=\"ba52650\" data-element_type=\"column\">\n\t\t\t<div class=\"elementor-column-wrap elementor-element-populated\">\n\t\t\t\t\t\t\t<div class=\"elementor-widget-wrap\">\n\t\t\t\t\t\t<div class=\"elementor-element elementor-element-480e145 elementor-position-top elementor-vertical-align-top elementor-widget elementor-widget-image-box\" data-id=\"480e145\" data-element_type=\"widget\" data-widget_type=\"image-box.default\">\n\t\t\t\t<div class=\"elementor-widget-container\">\n\t\t\t<div class=\"elementor-image-box-wrapper\"><figure class=\"elementor-image-box-img\"><a href=\"https:\/\/trenico.hu\/en\/cegatvilagitas\/\"><img loading=\"lazy\" decoding=\"async\" width=\"600\" height=\"600\" src=\"https:\/\/trenico.hu\/wp-content\/uploads\/2021\/01\/kor_atvilagitas-1.jpg\" class=\"elementor-animation-shrink attachment-full size-full\" alt=\"\" srcset=\"https:\/\/trenico.hu\/wp-content\/uploads\/2021\/01\/kor_atvilagitas-1.jpg 600w, https:\/\/trenico.hu\/wp-content\/uploads\/2021\/01\/kor_atvilagitas-1-300x300.jpg 300w, https:\/\/trenico.hu\/wp-content\/uploads\/2021\/01\/kor_atvilagitas-1-150x150.jpg 150w\" sizes=\"auto, (max-width: 600px) 100vw, 600px\" \/><\/a><\/figure><div class=\"elementor-image-box-content\"><h3 class=\"elementor-image-box-title\"><a href=\"https:\/\/trenico.hu\/en\/cegatvilagitas\/\">Due diligence<\/a><\/h3><p class=\"elementor-image-box-description\">Due diligence of corporate, private banking and financial portfolios in terms of risk tolerance<\/p><\/div><\/div>\t\t<\/div>\n\t\t\t\t<\/div>\n\t\t\t\t\t\t<\/div>\n\t\t\t\t\t<\/div>\n\t\t<\/div>\n\t\t\t\t<div class=\"elementor-column elementor-col-25 elementor-top-column elementor-element elementor-element-90073cd\" data-id=\"90073cd\" data-element_type=\"column\">\n\t\t\t<div class=\"elementor-column-wrap elementor-element-populated\">\n\t\t\t\t\t\t\t<div class=\"elementor-widget-wrap\">\n\t\t\t\t\t\t<div class=\"elementor-element elementor-element-327b6d7 elementor-position-top elementor-vertical-align-top elementor-widget elementor-widget-image-box\" data-id=\"327b6d7\" data-element_type=\"widget\" data-widget_type=\"image-box.default\">\n\t\t\t\t<div class=\"elementor-widget-container\">\n\t\t\t<div class=\"elementor-image-box-wrapper\"><figure class=\"elementor-image-box-img\"><a href=\"https:\/\/trenico.hu\/en\/uzletviteli-tanacsadas\/\"><img loading=\"lazy\" decoding=\"async\" width=\"600\" height=\"600\" src=\"https:\/\/trenico.hu\/wp-content\/uploads\/2021\/01\/kor_uzletviteli.jpg\" class=\"elementor-animation-shrink attachment-full size-full\" alt=\"\" srcset=\"https:\/\/trenico.hu\/wp-content\/uploads\/2021\/01\/kor_uzletviteli.jpg 600w, https:\/\/trenico.hu\/wp-content\/uploads\/2021\/01\/kor_uzletviteli-300x300.jpg 300w, https:\/\/trenico.hu\/wp-content\/uploads\/2021\/01\/kor_uzletviteli-150x150.jpg 150w\" sizes=\"auto, (max-width: 600px) 100vw, 600px\" \/><\/a><\/figure><div class=\"elementor-image-box-content\"><h3 class=\"elementor-image-box-title\"><a href=\"https:\/\/trenico.hu\/en\/uzletviteli-tanacsadas\/\">Management consultancy<\/a><\/h3><p class=\"elementor-image-box-description\">Business advice focussed on financials and banking services, consultation, procurement audit<\/p><\/div><\/div>\t\t<\/div>\n\t\t\t\t<\/div>\n\t\t\t\t\t\t<\/div>\n\t\t\t\t\t<\/div>\n\t\t<\/div>\n\t\t\t\t<div class=\"elementor-column elementor-col-25 elementor-top-column elementor-element elementor-element-cf6eec7\" data-id=\"cf6eec7\" data-element_type=\"column\">\n\t\t\t<div class=\"elementor-column-wrap elementor-element-populated\">\n\t\t\t\t\t\t\t<div class=\"elementor-widget-wrap\">\n\t\t\t\t\t\t<div class=\"elementor-element elementor-element-12bb63f elementor-position-top elementor-vertical-align-top elementor-widget elementor-widget-image-box\" data-id=\"12bb63f\" data-element_type=\"widget\" data-widget_type=\"image-box.default\">\n\t\t\t\t<div class=\"elementor-widget-container\">\n\t\t\t<div class=\"elementor-image-box-wrapper\"><figure class=\"elementor-image-box-img\"><a href=\"https:\/\/trenico.hu\/en\/befektetesi-dontes-elokeszites\/\"><img loading=\"lazy\" decoding=\"async\" width=\"600\" height=\"600\" src=\"https:\/\/trenico.hu\/wp-content\/uploads\/2021\/01\/kor_befeketetes.jpg\" class=\"elementor-animation-shrink attachment-full size-full\" alt=\"\" srcset=\"https:\/\/trenico.hu\/wp-content\/uploads\/2021\/01\/kor_befeketetes.jpg 600w, https:\/\/trenico.hu\/wp-content\/uploads\/2021\/01\/kor_befeketetes-300x300.jpg 300w, https:\/\/trenico.hu\/wp-content\/uploads\/2021\/01\/kor_befeketetes-150x150.jpg 150w\" sizes=\"auto, (max-width: 600px) 100vw, 600px\" \/><\/a><\/figure><div class=\"elementor-image-box-content\"><h3 class=\"elementor-image-box-title\"><a href=\"https:\/\/trenico.hu\/en\/befektetesi-dontes-elokeszites\/\">Preparation of investments<\/a><\/h3><p class=\"elementor-image-box-description\">Maximizing profit while minimizing risks on national and international investment markets<\/p><\/div><\/div>\t\t<\/div>\n\t\t\t\t<\/div>\n\t\t\t\t\t\t<\/div>\n\t\t\t\t\t<\/div>\n\t\t<\/div>\n\t\t\t\t<div class=\"elementor-column elementor-col-25 elementor-top-column elementor-element elementor-element-797d3a8\" data-id=\"797d3a8\" data-element_type=\"column\">\n\t\t\t<div class=\"elementor-column-wrap elementor-element-populated\">\n\t\t\t\t\t\t\t<div class=\"elementor-widget-wrap\">\n\t\t\t\t\t\t<div class=\"elementor-element elementor-element-246f0ae elementor-position-top elementor-vertical-align-top elementor-widget elementor-widget-image-box\" data-id=\"246f0ae\" data-element_type=\"widget\" data-widget_type=\"image-box.default\">\n\t\t\t\t<div class=\"elementor-widget-container\">\n\t\t\t<div class=\"elementor-image-box-wrapper\"><figure class=\"elementor-image-box-img\"><a href=\"https:\/\/trenico.hu\/en\/tarsashazi-projektek\/\"><img loading=\"lazy\" decoding=\"async\" width=\"600\" height=\"600\" src=\"https:\/\/trenico.hu\/wp-content\/uploads\/2021\/01\/kor_tarsashaz.jpg\" class=\"elementor-animation-shrink attachment-full size-full\" alt=\"\" srcset=\"https:\/\/trenico.hu\/wp-content\/uploads\/2021\/01\/kor_tarsashaz.jpg 600w, https:\/\/trenico.hu\/wp-content\/uploads\/2021\/01\/kor_tarsashaz-300x300.jpg 300w, https:\/\/trenico.hu\/wp-content\/uploads\/2021\/01\/kor_tarsashaz-150x150.jpg 150w\" sizes=\"auto, (max-width: 600px) 100vw, 600px\" \/><\/a><\/figure><div class=\"elementor-image-box-content\"><h3 class=\"elementor-image-box-title\"><a href=\"https:\/\/trenico.hu\/en\/tarsashazi-projektek\/\">Housing projects<\/a><\/h3><p class=\"elementor-image-box-description\">Managing apartment block projects well exceeding expected return on bank investments<\/p><\/div><\/div>\t\t<\/div>\n\t\t\t\t<\/div>\n\t\t\t\t\t\t<\/div>\n\t\t\t\t\t<\/div>\n\t\t<\/div>\n\t\t\t\t\t\t\t\t<\/div>\n\t\t\t\t\t<\/div>\n\t\t<\/section>\n\t\t\t\t<section class=\"elementor-section elementor-top-section elementor-element elementor-element-d07f640 elementor-section-boxed elementor-section-height-default elementor-section-height-default\" data-id=\"d07f640\" data-element_type=\"section\" data-settings=\"{&quot;background_background&quot;:&quot;classic&quot;}\">\n\t\t\t\t\t\t<div class=\"elementor-container elementor-column-gap-default\">\n\t\t\t\t\t\t\t<div class=\"elementor-row\">\n\t\t\t\t\t<div class=\"elementor-column elementor-col-100 elementor-top-column elementor-element elementor-element-6c0aff3\" data-id=\"6c0aff3\" data-element_type=\"column\">\n\t\t\t<div class=\"elementor-column-wrap elementor-element-populated\">\n\t\t\t\t\t\t\t<div class=\"elementor-widget-wrap\">\n\t\t\t\t\t\t<div class=\"elementor-element elementor-element-680256d elementor-widget elementor-widget-heading\" data-id=\"680256d\" data-element_type=\"widget\" data-widget_type=\"heading.default\">\n\t\t\t\t<div class=\"elementor-widget-container\">\n\t\t\t<h2 class=\"elementor-heading-title elementor-size-default\">Introduction<\/h2>\t\t<\/div>\n\t\t\t\t<\/div>\n\t\t\t\t<div class=\"elementor-element elementor-element-af344b2 elementor-widget elementor-widget-heading\" data-id=\"af344b2\" data-element_type=\"widget\" data-widget_type=\"heading.default\">\n\t\t\t\t<div class=\"elementor-widget-container\">\n\t\t\t<h2 class=\"elementor-heading-title elementor-size-default\">It is not enough to know enough about financials. Enough must be utilised from that knowledge \u2013 and enough time and energy should be devoted to them.<\/h2>\t\t<\/div>\n\t\t\t\t<\/div>\n\t\t\t\t<div class=\"elementor-element elementor-element-23b5a50 elementor-widget elementor-widget-text-editor\" data-id=\"23b5a50\" data-element_type=\"widget\" data-widget_type=\"text-editor.default\">\n\t\t\t\t<div class=\"elementor-widget-container\">\n\t\t\t\t\t<div class=\"elementor-text-editor elementor-clearfix\"><p class=\" translation-block\">We offer co-operation for our clients in selecting the best scheme and the bank providing the best service for the given investment, credit transaction or project based on our 20 years of experiences in understanding the operation, the structure and the special characteristics of the banking sector.<\/p><\/div>\n\t\t\t\t<\/div>\n\t\t\t\t<\/div>\n\t\t\t\t<div class=\"elementor-element elementor-element-de37dd7 elementor-align-center elementor-widget elementor-widget-button\" data-id=\"de37dd7\" data-element_type=\"widget\" data-widget_type=\"button.default\">\n\t\t\t\t<div class=\"elementor-widget-container\">\n\t\t\t\t\t<div class=\"elementor-button-wrapper\">\n\t\t\t<a href=\"https:\/\/trenico.hu\/en\/cegismerteto\/\" class=\"elementor-button-link elementor-button elementor-size-md elementor-animation-shrink\" role=\"button\">\n\t\t\t\t\t\t<span class=\"elementor-button-content-wrapper\">\n\t\t\t\t\t\t<span class=\"elementor-button-text\">WHAT DO WE OFFER?<\/span>\n\t\t<\/span>\n\t\t\t\t\t<\/a>\n\t\t<\/div>\n\t\t\t\t<\/div>\n\t\t\t\t<\/div>\n\t\t\t\t\t\t<\/div>\n\t\t\t\t\t<\/div>\n\t\t<\/div>\n\t\t\t\t\t\t\t\t<\/div>\n\t\t\t\t\t<\/div>\n\t\t<\/section>\n\t\t\t\t<section class=\"elementor-section elementor-top-section elementor-element elementor-element-39b2867 elementor-section-boxed elementor-section-height-default elementor-section-height-default\" data-id=\"39b2867\" data-element_type=\"section\" data-settings=\"{&quot;background_background&quot;:&quot;classic&quot;}\">\n\t\t\t\t\t\t<div class=\"elementor-container elementor-column-gap-default\">\n\t\t\t\t\t\t\t<div class=\"elementor-row\">\n\t\t\t\t\t<div class=\"elementor-column elementor-col-100 elementor-top-column elementor-element elementor-element-e69614a\" data-id=\"e69614a\" data-element_type=\"column\">\n\t\t\t<div class=\"elementor-column-wrap elementor-element-populated\">\n\t\t\t\t\t\t\t<div class=\"elementor-widget-wrap\">\n\t\t\t\t\t\t<div class=\"elementor-element elementor-element-1326c79 elementor-widget elementor-widget-heading\" data-id=\"1326c79\" data-element_type=\"widget\" data-widget_type=\"heading.default\">\n\t\t\t\t<div class=\"elementor-widget-container\">\n\t\t\t<h2 class=\"elementor-heading-title elementor-size-default\">Events<\/h2>\t\t<\/div>\n\t\t\t\t<\/div>\n\t\t\t\t<div class=\"elementor-element elementor-element-6bc1993 elementor-widget elementor-widget-heading\" data-id=\"6bc1993\" data-element_type=\"widget\" data-widget_type=\"heading.default\">\n\t\t\t\t<div class=\"elementor-widget-container\">\n\t\t\t<h2 class=\"elementor-heading-title elementor-size-default\">We offer exclusive events happily remembered by all our clients many years later.<\/h2>\t\t<\/div>\n\t\t\t\t<\/div>\n\t\t\t\t<div class=\"elementor-element elementor-element-4b83740 elementor-align-center elementor-widget elementor-widget-button\" data-id=\"4b83740\" data-element_type=\"widget\" data-widget_type=\"button.default\">\n\t\t\t\t<div class=\"elementor-widget-container\">\n\t\t\t\t\t<div class=\"elementor-button-wrapper\">\n\t\t\t<a href=\"https:\/\/trenico.hu\/en\/rendezvenyeink\/\" class=\"elementor-button-link elementor-button elementor-size-md elementor-animation-shrink\" role=\"button\">\n\t\t\t\t\t\t<span class=\"elementor-button-content-wrapper\">\n\t\t\t\t\t\t<span class=\"elementor-button-text\">Please visit our gallery!<\/span>\n\t\t<\/span>\n\t\t\t\t\t<\/a>\n\t\t<\/div>\n\t\t\t\t<\/div>\n\t\t\t\t<\/div>\n\t\t\t\t\t\t<\/div>\n\t\t\t\t\t<\/div>\n\t\t<\/div>\n\t\t\t\t\t\t\t\t<\/div>\n\t\t\t\t\t<\/div>\n\t\t<\/section>\n\t\t\t\t<section class=\"elementor-section elementor-top-section elementor-element elementor-element-973230d elementor-section-boxed elementor-section-height-default elementor-section-height-default\" data-id=\"973230d\" data-element_type=\"section\" id=\"kapcsolat\" data-settings=\"{&quot;background_background&quot;:&quot;classic&quot;}\">\n\t\t\t\t\t\t<div class=\"elementor-container elementor-column-gap-default\">\n\t\t\t\t\t\t\t<div class=\"elementor-row\">\n\t\t\t\t\t<div class=\"elementor-column elementor-col-100 elementor-top-column elementor-element elementor-element-0cfabdf\" data-id=\"0cfabdf\" data-element_type=\"column\">\n\t\t\t<div class=\"elementor-column-wrap elementor-element-populated\">\n\t\t\t\t\t\t\t<div class=\"elementor-widget-wrap\">\n\t\t\t\t\t\t<div class=\"elementor-element elementor-element-6a1391e elementor-widget elementor-widget-heading\" data-id=\"6a1391e\" data-element_type=\"widget\" data-widget_type=\"heading.default\">\n\t\t\t\t<div class=\"elementor-widget-container\">\n\t\t\t<h2 class=\"elementor-heading-title elementor-size-default\">Trenico Consulting Zrt.<\/h2>\t\t<\/div>\n\t\t\t\t<\/div>\n\t\t\t\t<div class=\"elementor-element elementor-element-fb59502 link elementor-hidden-tablet elementor-hidden-phone elementor-widget elementor-widget-text-editor\" data-id=\"fb59502\" data-element_type=\"widget\" data-widget_type=\"text-editor.default\">\n\t\t\t\t<div class=\"elementor-widget-container\">\n\t\t\t\t\t<div class=\"elementor-text-editor elementor-clearfix\"><p>\u00a0\u00a0\u2022 Mobile:\u00a0<a href=\"tel:+36 20 537-0813\">+36 20 537 0813<\/a>\u00a0\u00a0 \u2022 \u00a0 E-mail:\u00a0<a href=\"mailto:info@trenico.hu\">info@trenico.hu<\/a> \u2022<\/p><\/div>\n\t\t\t\t<\/div>\n\t\t\t\t<\/div>\n\t\t\t\t<div class=\"elementor-element elementor-element-11a3913 link elementor-hidden-desktop elementor-hidden-tablet elementor-widget elementor-widget-text-editor\" data-id=\"11a3913\" data-element_type=\"widget\" data-widget_type=\"text-editor.default\">\n\t\t\t\t<div class=\"elementor-widget-container\">\n\t\t\t\t\t<div class=\"elementor-text-editor elementor-clearfix\"><p>Mobil: <a href=\"tel:+36 20 537-0813\">+36 20 537 0813<\/a>\u00a0\u00a0<\/p><p>E-mail: <a href=\"mailto:info@trenico.hu\">info@trenico.hu<\/a><\/p><\/div>\n\t\t\t\t<\/div>\n\t\t\t\t<\/div>\n\t\t\t\t\t\t<\/div>\n\t\t\t\t\t<\/div>\n\t\t<\/div>\n\t\t\t\t\t\t\t\t<\/div>\n\t\t\t\t\t<\/div>\n\t\t<\/section>\n\t\t\t\t\t\t<\/div>\n\t\t\t\t\t\t<\/div>\n\t\t\t\t\t<\/div>","protected":false},"excerpt":{"rendered":"<p>P\u00e9nz\u00fcgyi d\u00f6nt\u00e9seit m\u00e1s szemsz\u00f6gb\u0151l is megvizsg\u00e1ljuk\u00c9rdekelBefektet\u00e9si d\u00f6nt\u00e9seit megel\u0151z\u0151en a v\u00e1rhat\u00f3 \u00fczleti kock\u00e1zatok felm\u00e9r\u00e9s\u00e9ben seg\u00edt\u00fcnk\u00c9rdekelFigyel\u00fcnk a legapr\u00f3bb r\u00e9szletekre is\u00c9rdekel Previous Next C\u00e9g \u00e1tvil\u00e1g\u00edt\u00e1s V\u00e1llalati \u00e9s mag\u00e1n banki, p\u00e9nz\u00fcgyi portf\u00f3li\u00f3k \u00e1tvil\u00e1g\u00edt\u00e1sa a kock\u00e1zati hajland\u00f3s\u00e1g f\u00fcggv\u00e9ny\u00e9ben. \u00dczletviteli tan\u00e1csad\u00e1s P\u00e9nz\u00fcgyi, banki szolg\u00e1ltat\u00e1si f\u00f3kusz\u00fa \u00fczleti tan\u00e1csad\u00e1s, projekt ind\u00edt\u00e1si tan\u00e1csad\u00e1s, beszerz\u00e9si audit. Befektet\u00e9si el\u0151k\u00e9sz\u00edt\u00e9s Profit maximaliz\u00e1l\u00e1s a kock\u00e1zat minimaliz\u00e1l\u00e1sa mellett a [&hellip;]<\/p>","protected":false},"author":1,"featured_media":0,"parent":0,"menu_order":0,"comment_status":"closed","ping_status":"closed","template":"elementor_header_footer","meta":{"footnotes":""},"class_list":["post-8","page","type-page","status-publish","hentry"],"_links":{"self":[{"href":"https:\/\/trenico.hu\/en\/wp-json\/wp\/v2\/pages\/8","targetHints":{"allow":["GET"]}}],"collection":[{"href":"https:\/\/trenico.hu\/en\/wp-json\/wp\/v2\/pages"}],"about":[{"href":"https:\/\/trenico.hu\/en\/wp-json\/wp\/v2\/types\/page"}],"author":[{"embeddable":true,"href":"https:\/\/trenico.hu\/en\/wp-json\/wp\/v2\/users\/1"}],"replies":[{"embeddable":true,"href":"https:\/\/trenico.hu\/en\/wp-json\/wp\/v2\/comments?post=8"}],"version-history":[{"count":13,"href":"https:\/\/trenico.hu\/en\/wp-json\/wp\/v2\/pages\/8\/revisions"}],"predecessor-version":[{"id":228,"href":"https:\/\/trenico.hu\/en\/wp-json\/wp\/v2\/pages\/8\/revisions\/228"}],"wp:attachment":[{"href":"https:\/\/trenico.hu\/en\/wp-json\/wp\/v2\/media?parent=8"}],"curies":[{"name":"wp","href":"https:\/\/api.w.org\/{rel}","templated":true}]}}