{"id":108,"date":"2021-01-04T12:56:42","date_gmt":"2021-01-04T12:56:42","guid":{"rendered":"https:\/\/trenico.hu\/?page_id=108"},"modified":"2021-01-11T13:12:40","modified_gmt":"2021-01-11T12:12:40","slug":"befektetesi-dontes-elokeszites","status":"publish","type":"page","link":"https:\/\/trenico.hu\/en\/befektetesi-dontes-elokeszites\/","title":{"rendered":"Preparation of investment decisions"},"content":{"rendered":"<div data-elementor-type=\"wp-page\" data-elementor-id=\"108\" class=\"elementor elementor-108\" data-elementor-settings=\"[]\">\n\t\t\t\t\t\t<div class=\"elementor-inner\">\n\t\t\t\t\t\t\t<div class=\"elementor-section-wrap\">\n\t\t\t\t\t\t\t<section class=\"elementor-section elementor-top-section elementor-element elementor-element-7565b240 elementor-section-boxed elementor-section-height-default elementor-section-height-default\" data-id=\"7565b240\" data-element_type=\"section\" data-settings=\"{&quot;background_background&quot;:&quot;classic&quot;}\">\n\t\t\t\t\t\t<div class=\"elementor-container elementor-column-gap-default\">\n\t\t\t\t\t\t\t<div class=\"elementor-row\">\n\t\t\t\t\t<div class=\"elementor-column elementor-col-100 elementor-top-column elementor-element elementor-element-767e06af\" data-id=\"767e06af\" data-element_type=\"column\">\n\t\t\t<div class=\"elementor-column-wrap\">\n\t\t\t\t\t\t\t<div class=\"elementor-widget-wrap\">\n\t\t\t\t\t\t\t\t<\/div>\n\t\t\t\t\t<\/div>\n\t\t<\/div>\n\t\t\t\t\t\t\t\t<\/div>\n\t\t\t\t\t<\/div>\n\t\t<\/section>\n\t\t\t\t<section class=\"elementor-section elementor-top-section elementor-element elementor-element-6154b39f elementor-section-boxed elementor-section-height-default elementor-section-height-default\" data-id=\"6154b39f\" data-element_type=\"section\" data-settings=\"{&quot;background_background&quot;:&quot;classic&quot;}\">\n\t\t\t\t\t\t<div class=\"elementor-container elementor-column-gap-default\">\n\t\t\t\t\t\t\t<div class=\"elementor-row\">\n\t\t\t\t\t<div class=\"elementor-column elementor-col-100 elementor-top-column elementor-element elementor-element-3e0a45fc\" data-id=\"3e0a45fc\" data-element_type=\"column\">\n\t\t\t<div class=\"elementor-column-wrap elementor-element-populated\">\n\t\t\t\t\t\t\t<div class=\"elementor-widget-wrap\">\n\t\t\t\t\t\t<div class=\"elementor-element elementor-element-5fb07e8 elementor-widget elementor-widget-heading\" data-id=\"5fb07e8\" data-element_type=\"widget\" data-widget_type=\"heading.default\">\n\t\t\t\t<div class=\"elementor-widget-container\">\n\t\t\t<h2 class=\"elementor-heading-title elementor-size-default\">Preparation of investment decisions<\/h2>\t\t<\/div>\n\t\t\t\t<\/div>\n\t\t\t\t<div class=\"elementor-element elementor-element-22990b22 elementor-widget elementor-widget-heading\" data-id=\"22990b22\" data-element_type=\"widget\" data-widget_type=\"heading.default\">\n\t\t\t\t<div class=\"elementor-widget-container\">\n\t\t\t<h2 class=\"elementor-heading-title elementor-size-default\">Profit maximization while minimizing risk<\/h2>\t\t<\/div>\n\t\t\t\t<\/div>\n\t\t\t\t<div class=\"elementor-element elementor-element-926b329 h2szin elementor-widget elementor-widget-text-editor\" data-id=\"926b329\" data-element_type=\"widget\" data-widget_type=\"text-editor.default\">\n\t\t\t\t<div class=\"elementor-widget-container\">\n\t\t\t\t\t<div class=\"elementor-text-editor elementor-clearfix\"><h2><strong>Investment decisions<\/strong><\/h2>\n<p>Prior to investment decisions, we assist our clients to review the total product supply available on the Hungarian market. To facilitate the best decision, we provide a wide range of information about economic and investment aspects and trends.<\/p>\n<h2><strong><br><\/strong><\/h2><h2><strong>Financing, refinancing<\/strong><\/h2>\n<p>In case of financing and refinancing, we first select the most appropriate bank then help our client to establish individual credit facility. We also arrange that the bank accepts the individual terms so that the client\/company receives the best solution in terms of duration, amount, currency, structure, costs and fees. Then comes the follow-up phase: during that, payment terms may be changed and we may propose new or connected product structures.<\/p>\n<h2><strong><br><\/strong><\/h2><h2><strong>Bank accounts<\/strong><\/h2>\n<p>In the field of bank accounts, we help private individuals and companies to find custom tailored account products with necessary and sufficient services selected.<\/p>\n<h2><strong><br><\/strong><\/h2><h2><strong>Factoring<\/strong><\/h2>\n<p>We improve corporate liquidity by factoring commercial transactions.<\/p><\/div>\n\t\t\t\t<\/div>\n\t\t\t\t<\/div>\n\t\t\t\t\t\t<\/div>\n\t\t\t\t\t<\/div>\n\t\t<\/div>\n\t\t\t\t\t\t\t\t<\/div>\n\t\t\t\t\t<\/div>\n\t\t<\/section>\n\t\t\t\t<section class=\"elementor-section elementor-top-section elementor-element elementor-element-1a9b2a19 elementor-section-boxed elementor-section-height-default elementor-section-height-default\" data-id=\"1a9b2a19\" data-element_type=\"section\" id=\"kapcsolat\" data-settings=\"{&quot;background_background&quot;:&quot;classic&quot;}\">\n\t\t\t\t\t\t<div class=\"elementor-container elementor-column-gap-default\">\n\t\t\t\t\t\t\t<div class=\"elementor-row\">\n\t\t\t\t\t<div class=\"elementor-column elementor-col-100 elementor-top-column elementor-element elementor-element-739a0746\" data-id=\"739a0746\" data-element_type=\"column\">\n\t\t\t<div class=\"elementor-column-wrap elementor-element-populated\">\n\t\t\t\t\t\t\t<div class=\"elementor-widget-wrap\">\n\t\t\t\t\t\t<div class=\"elementor-element elementor-element-5efd0bf2 elementor-widget elementor-widget-heading\" data-id=\"5efd0bf2\" data-element_type=\"widget\" data-widget_type=\"heading.default\">\n\t\t\t\t<div class=\"elementor-widget-container\">\n\t\t\t<h2 class=\"elementor-heading-title elementor-size-default\">Trenico Consulting Zrt.<\/h2>\t\t<\/div>\n\t\t\t\t<\/div>\n\t\t\t\t<div class=\"elementor-element elementor-element-79ce8205 link elementor-hidden-tablet elementor-hidden-phone elementor-widget elementor-widget-text-editor\" data-id=\"79ce8205\" data-element_type=\"widget\" data-widget_type=\"text-editor.default\">\n\t\t\t\t<div class=\"elementor-widget-container\">\n\t\t\t\t\t<div class=\"elementor-text-editor elementor-clearfix\"><p>\u00a0\u00a0\u2022 Mobile:\u00a0<a href=\"tel:+36 20 537-0813\">+36 20 537 0813<\/a>\u00a0\u00a0 \u2022 \u00a0 E-mail:\u00a0<a href=\"mailto:info@trenico.hu\">info@trenico.hu<\/a> \u2022<\/p><\/div>\n\t\t\t\t<\/div>\n\t\t\t\t<\/div>\n\t\t\t\t<div class=\"elementor-element elementor-element-3e17a5a4 link elementor-hidden-desktop elementor-hidden-tablet elementor-widget elementor-widget-text-editor\" data-id=\"3e17a5a4\" data-element_type=\"widget\" data-widget_type=\"text-editor.default\">\n\t\t\t\t<div class=\"elementor-widget-container\">\n\t\t\t\t\t<div class=\"elementor-text-editor elementor-clearfix\"><p>Mobil: <a href=\"tel:+36 20 537-0813\">+36 20 537 0813<\/a>\u00a0\u00a0<\/p><p>E-mail: <a href=\"mailto:info@trenico.hu\">info@trenico.hu<\/a><\/p><\/div>\n\t\t\t\t<\/div>\n\t\t\t\t<\/div>\n\t\t\t\t\t\t<\/div>\n\t\t\t\t\t<\/div>\n\t\t<\/div>\n\t\t\t\t\t\t\t\t<\/div>\n\t\t\t\t\t<\/div>\n\t\t<\/section>\n\t\t\t\t\t\t<\/div>\n\t\t\t\t\t\t<\/div>\n\t\t\t\t\t<\/div>","protected":false},"excerpt":{"rendered":"<p>Befektet\u00e9si d\u00f6nt\u00e9s el\u0151k\u00e9sz\u00edt\u00e9s Profit maximaliz\u00e1l\u00e1s a kock\u00e1zat minimaliz\u00e1l\u00e1sa mellett Befektet\u00e9si d\u00f6nt\u00e9sek Befektet\u00e9si d\u00f6nt\u00e9seket megel\u0151z\u0151en a teljes magyarorsz\u00e1gi term\u00e9kk\u00edn\u00e1lat \u00e1ttekint\u00e9s\u00e9hez ny\u00fajtunk seg\u00edts\u00e9get. A legmegfelel\u0151bb befektet\u00e9si d\u00f6nt\u00e9sek meghozatal\u00e1hoz folyamatos inform\u00e1ci\u00f3kat ny\u00fajtunk a gazdas\u00e1gi \u00e9s befektet\u00e9si \u00f6sszef\u00fcgg\u00e9sekr\u0151l, azok v\u00e1ltoz\u00e1sair\u00f3l. Finansz\u00edroz\u00e1s, refinansz\u00edroz\u00e1s Finansz\u00edroz\u00e1s, refinansz\u00edroz\u00e1s eset\u00e9n a legmegfelel\u0151bb bank kiv\u00e1laszt\u00e1s\u00e1t k\u00f6vet\u0151en partnereinkkel egy\u00fctt dolgozunk egyedi hitelkonstrukci\u00f3k kialak\u00edt\u00e1s\u00e1ban, banki elfogadtat\u00e1s\u00e1ban, hogy [&hellip;]<\/p>","protected":false},"author":1,"featured_media":0,"parent":0,"menu_order":0,"comment_status":"closed","ping_status":"closed","template":"elementor_header_footer","meta":{"footnotes":""},"class_list":["post-108","page","type-page","status-publish","hentry"],"_links":{"self":[{"href":"https:\/\/trenico.hu\/en\/wp-json\/wp\/v2\/pages\/108","targetHints":{"allow":["GET"]}}],"collection":[{"href":"https:\/\/trenico.hu\/en\/wp-json\/wp\/v2\/pages"}],"about":[{"href":"https:\/\/trenico.hu\/en\/wp-json\/wp\/v2\/types\/page"}],"author":[{"embeddable":true,"href":"https:\/\/trenico.hu\/en\/wp-json\/wp\/v2\/users\/1"}],"replies":[{"embeddable":true,"href":"https:\/\/trenico.hu\/en\/wp-json\/wp\/v2\/comments?post=108"}],"version-history":[{"count":4,"href":"https:\/\/trenico.hu\/en\/wp-json\/wp\/v2\/pages\/108\/revisions"}],"predecessor-version":[{"id":210,"href":"https:\/\/trenico.hu\/en\/wp-json\/wp\/v2\/pages\/108\/revisions\/210"}],"wp:attachment":[{"href":"https:\/\/trenico.hu\/en\/wp-json\/wp\/v2\/media?parent=108"}],"curies":[{"name":"wp","href":"https:\/\/api.w.org\/{rel}","templated":true}]}}