{"id":100,"date":"2021-01-04T12:48:17","date_gmt":"2021-01-04T12:48:17","guid":{"rendered":"https:\/\/trenico.hu\/?page_id=100"},"modified":"2021-01-11T13:12:28","modified_gmt":"2021-01-11T12:12:28","slug":"uzletviteli-tanacsadas","status":"publish","type":"page","link":"https:\/\/trenico.hu\/en\/uzletviteli-tanacsadas\/","title":{"rendered":"Management consultancy"},"content":{"rendered":"<div data-elementor-type=\"wp-page\" data-elementor-id=\"100\" class=\"elementor elementor-100\" data-elementor-settings=\"[]\">\n\t\t\t\t\t\t<div class=\"elementor-inner\">\n\t\t\t\t\t\t\t<div class=\"elementor-section-wrap\">\n\t\t\t\t\t\t\t<section class=\"elementor-section elementor-top-section elementor-element elementor-element-78478982 elementor-section-boxed elementor-section-height-default elementor-section-height-default\" data-id=\"78478982\" data-element_type=\"section\" data-settings=\"{&quot;background_background&quot;:&quot;classic&quot;}\">\n\t\t\t\t\t\t<div class=\"elementor-container elementor-column-gap-default\">\n\t\t\t\t\t\t\t<div class=\"elementor-row\">\n\t\t\t\t\t<div class=\"elementor-column elementor-col-100 elementor-top-column elementor-element elementor-element-3d826f1c\" data-id=\"3d826f1c\" data-element_type=\"column\">\n\t\t\t<div class=\"elementor-column-wrap\">\n\t\t\t\t\t\t\t<div class=\"elementor-widget-wrap\">\n\t\t\t\t\t\t\t\t<\/div>\n\t\t\t\t\t<\/div>\n\t\t<\/div>\n\t\t\t\t\t\t\t\t<\/div>\n\t\t\t\t\t<\/div>\n\t\t<\/section>\n\t\t\t\t<section class=\"elementor-section elementor-top-section elementor-element elementor-element-2b70abeb elementor-section-boxed elementor-section-height-default elementor-section-height-default\" data-id=\"2b70abeb\" data-element_type=\"section\" data-settings=\"{&quot;background_background&quot;:&quot;classic&quot;}\">\n\t\t\t\t\t\t<div class=\"elementor-container elementor-column-gap-default\">\n\t\t\t\t\t\t\t<div class=\"elementor-row\">\n\t\t\t\t\t<div class=\"elementor-column elementor-col-100 elementor-top-column elementor-element elementor-element-5257161d\" data-id=\"5257161d\" data-element_type=\"column\">\n\t\t\t<div class=\"elementor-column-wrap elementor-element-populated\">\n\t\t\t\t\t\t\t<div class=\"elementor-widget-wrap\">\n\t\t\t\t\t\t<div class=\"elementor-element elementor-element-695f5095 elementor-widget elementor-widget-heading\" data-id=\"695f5095\" data-element_type=\"widget\" data-widget_type=\"heading.default\">\n\t\t\t\t<div class=\"elementor-widget-container\">\n\t\t\t<h2 class=\"elementor-heading-title elementor-size-default\">Management consultancy<\/h2>\t\t<\/div>\n\t\t\t\t<\/div>\n\t\t\t\t<div class=\"elementor-element elementor-element-3ffaf7d3 elementor-widget elementor-widget-heading\" data-id=\"3ffaf7d3\" data-element_type=\"widget\" data-widget_type=\"heading.default\">\n\t\t\t\t<div class=\"elementor-widget-container\">\n\t\t\t<h2 class=\"elementor-heading-title elementor-size-default\">Business consulting focused on financial and banking services<\/h2>\t\t<\/div>\n\t\t\t\t<\/div>\n\t\t\t\t<div class=\"elementor-element elementor-element-fc5dbbc h2szin elementor-widget elementor-widget-text-editor\" data-id=\"fc5dbbc\" data-element_type=\"widget\" data-widget_type=\"text-editor.default\">\n\t\t\t\t<div class=\"elementor-widget-container\">\n\t\t\t\t\t<div class=\"elementor-text-editor elementor-clearfix\"><ul>\n<li>Our management consultancy is a system of processes. The first step is to screen the private assets as well as the banking and financial portfolio of the client.<\/li>\n<li>The next step is to propose alternatives in the light of individual risk tolerance to facilitate decision-making.<\/li>\n<li>Finally, we are continuously monitoring the selected banking and financial services and offer new options based on market changes according to the demands and investment intentions of the client. We approach problematic areas as tasks to be solved and as new opportunities.<\/li>\n<\/ul>\n<h2><br><\/h2><h2>Preliminary consultation before launching a project<\/h2>\n<p>Before project implementation, our company prepares financial, risk and feasibility plans and performs necessary analyses of the project.<\/p>\n<h2><br><\/h2><h2>Procurement audit<\/h2>\n<p class=\" translation-block\">This means the due diligence of all the purchases of the client. Within the frames of that, we review biggest purchases and search for fields where procurement costs can be cut within the shortest period of time.\nBased on the total cost of ownership (TCO) model we look for possibilities to reduce purchase prices then we focus on related transaction costs based on former experiences accrued during co-operation.\nDuring due diligence, we quantify saving and efficiency options. We also evaluate procurement procedures and make suggestions for development and optimisation.\nWe analyse the actual spending structure of the client including the distribution of spending according to suppliers and the quality of contracts made. We perform thorough data comparison and analysis. As a result, we make proposals to amend or re-negotiate contracts, and to launch selection procedures.<\/p>\n<h2><br><\/h2><h2>Management consultancy<\/h2>\n<p>By getting acquainted with the demands and possibilities of our clients and continuously monitoring market trends, we explore new and new opportunities for cutting costs and maximizing profit.<\/p>\n<h2><br><\/h2><h2>Our major successes<\/h2>\n<p>Due to prudent and detailed examination work, adequate proposals as well as continuous and efficient partnership, we have been enjoying the valuable trust of our clients for over 10 years<\/p><\/div>\n\t\t\t\t<\/div>\n\t\t\t\t<\/div>\n\t\t\t\t\t\t<\/div>\n\t\t\t\t\t<\/div>\n\t\t<\/div>\n\t\t\t\t\t\t\t\t<\/div>\n\t\t\t\t\t<\/div>\n\t\t<\/section>\n\t\t\t\t<section class=\"elementor-section elementor-top-section elementor-element elementor-element-7a2ce87e elementor-section-boxed elementor-section-height-default elementor-section-height-default\" data-id=\"7a2ce87e\" data-element_type=\"section\" id=\"kapcsolat\" data-settings=\"{&quot;background_background&quot;:&quot;classic&quot;}\">\n\t\t\t\t\t\t<div class=\"elementor-container elementor-column-gap-default\">\n\t\t\t\t\t\t\t<div class=\"elementor-row\">\n\t\t\t\t\t<div class=\"elementor-column elementor-col-100 elementor-top-column elementor-element elementor-element-22e89d11\" data-id=\"22e89d11\" data-element_type=\"column\">\n\t\t\t<div class=\"elementor-column-wrap elementor-element-populated\">\n\t\t\t\t\t\t\t<div class=\"elementor-widget-wrap\">\n\t\t\t\t\t\t<div class=\"elementor-element elementor-element-74ca4a27 elementor-widget elementor-widget-heading\" data-id=\"74ca4a27\" data-element_type=\"widget\" data-widget_type=\"heading.default\">\n\t\t\t\t<div class=\"elementor-widget-container\">\n\t\t\t<h2 class=\"elementor-heading-title elementor-size-default\">Trenico Consulting Zrt.<\/h2>\t\t<\/div>\n\t\t\t\t<\/div>\n\t\t\t\t<div class=\"elementor-element elementor-element-592f0c52 link elementor-hidden-tablet elementor-hidden-phone elementor-widget elementor-widget-text-editor\" data-id=\"592f0c52\" data-element_type=\"widget\" data-widget_type=\"text-editor.default\">\n\t\t\t\t<div class=\"elementor-widget-container\">\n\t\t\t\t\t<div class=\"elementor-text-editor elementor-clearfix\"><p>\u00a0\u00a0\u2022 Mobile:\u00a0<a href=\"tel:+36 20 537-0813\">+36 20 537 0813<\/a>\u00a0\u00a0 \u2022 \u00a0 E-mail:\u00a0<a href=\"mailto:info@trenico.hu\">info@trenico.hu<\/a> \u2022<\/p><\/div>\n\t\t\t\t<\/div>\n\t\t\t\t<\/div>\n\t\t\t\t<div class=\"elementor-element elementor-element-614485ce link elementor-hidden-desktop elementor-hidden-tablet elementor-widget elementor-widget-text-editor\" data-id=\"614485ce\" data-element_type=\"widget\" data-widget_type=\"text-editor.default\">\n\t\t\t\t<div class=\"elementor-widget-container\">\n\t\t\t\t\t<div class=\"elementor-text-editor elementor-clearfix\"><p>Mobil: <a href=\"tel:+36 20 537-0813\">+36 20 537 0813<\/a>\u00a0\u00a0<\/p><p>E-mail: <a href=\"mailto:info@trenico.hu\">info@trenico.hu<\/a><\/p><\/div>\n\t\t\t\t<\/div>\n\t\t\t\t<\/div>\n\t\t\t\t\t\t<\/div>\n\t\t\t\t\t<\/div>\n\t\t<\/div>\n\t\t\t\t\t\t\t\t<\/div>\n\t\t\t\t\t<\/div>\n\t\t<\/section>\n\t\t\t\t\t\t<\/div>\n\t\t\t\t\t\t<\/div>\n\t\t\t\t\t<\/div>","protected":false},"excerpt":{"rendered":"<p>\u00dczletviteli tan\u00e1csad\u00e1s P\u00e9nz\u00fcgyi, banki szolg\u00e1ltat\u00e1si f\u00f3kusz\u00fa \u00fczleti tan\u00e1csad\u00e1s Az \u00fczletviteli tan\u00e1csad\u00e1sunk folyamat rendszer\u0171, melynek els\u0151 l\u00e9p\u00e9sek\u00e9nt megb\u00edz\u00f3nk ig\u00e9nye szerint \u00e1tvil\u00e1g\u00edt\u00e1st v\u00e9gz\u00fcnk mag\u00e1nvagyona, v\u00e1llalata banki, p\u00e9nz\u00fcgyi portf\u00f3li\u00f3j\u00e1ban. Ezt k\u00f6vet\u0151en a kock\u00e1zatvisel\u00e9si hajland\u00f3s\u00e1g f\u00fcggv\u00e9ny\u00e9ben alternat\u00edv\u00e1kat javaslatunk, seg\u00edtve a legjobb d\u00f6nt\u00e9sek meghozatal\u00e1t. Majd \u00fcgyfeleink d\u00f6nt\u00e9sei alapj\u00e1n ig\u00e9nybe vett banki, p\u00e9nz\u00fcgyi szolg\u00e1ltat\u00e1sokat folyamatosan figyelemmel k\u00eds\u00e9rj\u00fck \u00e9s \u00fcgyfeleink ig\u00e9nye, befektet\u00e9si [&hellip;]<\/p>","protected":false},"author":1,"featured_media":0,"parent":0,"menu_order":0,"comment_status":"closed","ping_status":"closed","template":"elementor_header_footer","meta":{"footnotes":""},"class_list":["post-100","page","type-page","status-publish","hentry"],"_links":{"self":[{"href":"https:\/\/trenico.hu\/en\/wp-json\/wp\/v2\/pages\/100","targetHints":{"allow":["GET"]}}],"collection":[{"href":"https:\/\/trenico.hu\/en\/wp-json\/wp\/v2\/pages"}],"about":[{"href":"https:\/\/trenico.hu\/en\/wp-json\/wp\/v2\/types\/page"}],"author":[{"embeddable":true,"href":"https:\/\/trenico.hu\/en\/wp-json\/wp\/v2\/users\/1"}],"replies":[{"embeddable":true,"href":"https:\/\/trenico.hu\/en\/wp-json\/wp\/v2\/comments?post=100"}],"version-history":[{"count":4,"href":"https:\/\/trenico.hu\/en\/wp-json\/wp\/v2\/pages\/100\/revisions"}],"predecessor-version":[{"id":209,"href":"https:\/\/trenico.hu\/en\/wp-json\/wp\/v2\/pages\/100\/revisions\/209"}],"wp:attachment":[{"href":"https:\/\/trenico.hu\/en\/wp-json\/wp\/v2\/media?parent=100"}],"curies":[{"name":"wp","href":"https:\/\/api.w.org\/{rel}","templated":true}]}}